{"id":640,"date":"2022-03-26T21:30:47","date_gmt":"2022-03-26T20:30:47","guid":{"rendered":"https:\/\/nordickonsultbyra.se\/?page_id=640"},"modified":"2024-11-17T12:57:12","modified_gmt":"2024-11-17T11:57:12","slug":"juridiska-tjanster","status":"publish","type":"page","link":"https:\/\/nordickonsultbyra.se\/en\/juridiska-tjanster\/","title":{"rendered":"Legal services"},"content":{"rendered":"<div class=\"wpb-content-wrapper\"><div class=\"vc_row wpb_row vc_row-fluid\"><div class=\"wpb_column vc_column_container vc_col-sm-6\"><div class=\"vc_column-inner\"><div class=\"wpb_wrapper\">\n\t<div  class=\"wpb_single_image wpb_content_element vc_align_left\">\n\t\t\n\t\t<figure class=\"wpb_wrapper vc_figure\">\n\t\t\t<div class=\"vc_single_image-wrapper   vc_box_border_grey\"><img loading=\"lazy\" decoding=\"async\" width=\"1920\" height=\"2500\" src=\"https:\/\/nordickonsultbyra.se\/wp-content\/uploads\/2022\/03\/juridiska-tjanster.jpg\" class=\"vc_single_image-img attachment-full\" alt=\"Juridiska tj\u00e4nster\" title=\"\" srcset=\"https:\/\/nordickonsultbyra.se\/wp-content\/uploads\/2022\/03\/juridiska-tjanster.jpg 1920w, https:\/\/nordickonsultbyra.se\/wp-content\/uploads\/2022\/03\/juridiska-tjanster-230x300.jpg 230w, https:\/\/nordickonsultbyra.se\/wp-content\/uploads\/2022\/03\/juridiska-tjanster-786x1024.jpg 786w, https:\/\/nordickonsultbyra.se\/wp-content\/uploads\/2022\/03\/juridiska-tjanster-768x1000.jpg 768w, https:\/\/nordickonsultbyra.se\/wp-content\/uploads\/2022\/03\/juridiska-tjanster-1180x1536.jpg 1180w, https:\/\/nordickonsultbyra.se\/wp-content\/uploads\/2022\/03\/juridiska-tjanster-1573x2048.jpg 1573w\" sizes=\"auto, (max-width: 1920px) 100vw, 1920px\"  data-dt-location=\"https:\/\/nordickonsultbyra.se\/en\/juridiska-tjanster\/juridiska-tjanster-3\/\" \/><\/div>\n\t\t<\/figure>\n\t<\/div>\n<\/div><\/div><\/div><div class=\"wpb_column vc_column_container vc_col-sm-6\"><div class=\"vc_column-inner vc_custom_1648324633421\"><div class=\"wpb_wrapper\"><div id=\"ultimate-heading-5569f067a64b82e\" class=\"uvc-heading ult-adjust-bottom-margin ultimate-heading-5569f067a64b82e uvc-6805  uvc-heading-default-font-sizes\" data-hspacer=\"no_spacer\"  data-halign=\"left\" style=\"text-align:left\"><div class=\"uvc-heading-spacer no_spacer\" style=\"top\"><\/div><div class=\"uvc-main-heading ult-responsive\"  data-ultimate-target='.uvc-heading.ultimate-heading-5569f067a64b82e h2'  data-responsive-json-new='{\"font-size\":\"\",\"line-height\":\"\"}' ><h2 style=\"--font-weight:theme;\">Legal services<\/h2><\/div><\/div>\n\t<div class=\"wpb_text_column wpb_content_element\" >\n\t\t<div class=\"wpb_wrapper\">\n\t\t\t<p>We offer legal services both for individuals and companies. During our long experience, we provide our various clients with legal advice in many areas of law.<\/p>\n<p>With vast experience and confidence, our team of experts is known for providing legal services to a wide national and international client base.<\/p>\n<p>Our in-depth knowledge of the various regulatory regimes in each of our jurisdictions provides peace of mind and a strong foundation for the work we do.<\/p>\n<p>We combine our legal, fiduciary and administrative services to deliver a comprehensive client-focused service , registered or integrated entities.<\/p>\n\n\t\t<\/div>\n\t<\/div>\n<div id=\"ultimate-heading-501669f067a64bc87\" class=\"uvc-heading ult-adjust-bottom-margin ultimate-heading-501669f067a64bc87 uvc-5470  uvc-heading-default-font-sizes\" data-hspacer=\"no_spacer\"  data-halign=\"left\" style=\"text-align:left\"><div class=\"uvc-heading-spacer no_spacer\" style=\"top\"><\/div><div class=\"uvc-main-heading ult-responsive\"  data-ultimate-target='.uvc-heading.ultimate-heading-501669f067a64bc87 h2'  data-responsive-json-new='{\"font-size\":\"\",\"line-height\":\"\"}' ><h2 style=\"--font-weight:theme;margin-bottom:20px;\">Our specialist areas of legal services<\/h2><\/div><\/div><div class=\"uavc-list-icon uavc-list-icon-wrapper ult-adjust-bottom-margin\"><ul class=\"uavc-list\"><li><div class=\"uavc-list-content\" id=\"list-icon-wrap-3000\">\n<div class=\"uavc-list-icon\" data-animation=\"\" data-animation-delay=\"03\" style=\"margin-right:5px;\"><div class=\"ult-just-icon-wrapper\"><div class=\"align-icon\" style=\"text-align:center;\">\n<div class=\"aio-icon none\"  style=\"color:#0bc4d9;font-size:16px;display:inline-block;\">\n\t<i class=\"icomoon-the7-font-the7-arrow-29-2\"><\/i>\n<\/div><\/div><\/div>\n<\/div><span  data-ultimate-target='#list-icon-wrap-3000 .uavc-list-desc'  data-responsive-json-new='{\"font-size\":\"\",\"line-height\":\"\"}'  class=\"uavc-list-desc ult-responsive\" style=\"\"><a href=\"https:\/\/nordickonsultbyra.se\/en\/familjeratt\/\">Family law<\/a><\/span><\/div><\/li><li><div class=\"uavc-list-content\" id=\"list-icon-wrap-7395\">\n<div class=\"uavc-list-icon\" data-animation=\"\" data-animation-delay=\"03\" style=\"margin-right:5px;\"><div class=\"ult-just-icon-wrapper\"><div class=\"align-icon\" style=\"text-align:center;\">\n<div class=\"aio-icon none\"  style=\"color:#0bc4d9;font-size:16px;display:inline-block;\">\n\t<i class=\"icomoon-the7-font-the7-arrow-29-2\"><\/i>\n<\/div><\/div><\/div>\n<\/div><span  data-ultimate-target='#list-icon-wrap-7395 .uavc-list-desc'  data-responsive-json-new='{\"font-size\":\"\",\"line-height\":\"\"}'  class=\"uavc-list-desc ult-responsive\" style=\"\"><a href=\"https:\/\/nordickonsultbyra.se\/en\/arvsratt\/\">Inheritance law<\/a><\/span><\/div><\/li><li><div class=\"uavc-list-content\" id=\"list-icon-wrap-3594\">\n<div class=\"uavc-list-icon\" data-animation=\"\" data-animation-delay=\"03\" style=\"margin-right:5px;\"><div class=\"ult-just-icon-wrapper\"><div class=\"align-icon\" style=\"text-align:center;\">\n<div class=\"aio-icon none\"  style=\"color:#0bc4d9;font-size:16px;display:inline-block;\">\n\t<i class=\"icomoon-the7-font-the7-arrow-29-2\"><\/i>\n<\/div><\/div><\/div>\n<\/div><span  data-ultimate-target='#list-icon-wrap-3594 .uavc-list-desc'  data-responsive-json-new='{\"font-size\":\"\",\"line-height\":\"\"}'  class=\"uavc-list-desc ult-responsive\" style=\"\"><a href=\"https:\/\/nordickonsultbyra.se\/en\/migrationsratt\/\">Migration law<\/a><\/span><\/div><\/li><li><div class=\"uavc-list-content\" id=\"list-icon-wrap-6971\">\n<div class=\"uavc-list-icon\" data-animation=\"\" data-animation-delay=\"03\" style=\"margin-right:5px;\"><div class=\"ult-just-icon-wrapper\"><div class=\"align-icon\" style=\"text-align:center;\">\n<div class=\"aio-icon none\"  style=\"color:#0bc4d9;font-size:16px;display:inline-block;\">\n\t<i class=\"icomoon-the7-font-the7-arrow-29-2\"><\/i>\n<\/div><\/div><\/div>\n<\/div><span  data-ultimate-target='#list-icon-wrap-6971 .uavc-list-desc'  data-responsive-json-new='{\"font-size\":\"\",\"line-height\":\"\"}'  class=\"uavc-list-desc ult-responsive\" style=\"\"><a href=\"https:\/\/nordickonsultbyra.se\/en\/arbetsratt\/\">Employment law<\/a><\/span><\/div><\/li><li><div class=\"uavc-list-content\" id=\"list-icon-wrap-6570\">\n<div class=\"uavc-list-icon\" data-animation=\"\" data-animation-delay=\"03\" style=\"margin-right:5px;\"><div class=\"ult-just-icon-wrapper\"><div class=\"align-icon\" style=\"text-align:center;\">\n<div class=\"aio-icon none\"  style=\"color:#0bc4d9;font-size:16px;display:inline-block;\">\n\t<i class=\"icomoon-the7-font-the7-arrow-29-2\"><\/i>\n<\/div><\/div><\/div>\n<\/div><span  data-ultimate-target='#list-icon-wrap-6570 .uavc-list-desc'  data-responsive-json-new='{\"font-size\":\"\",\"line-height\":\"\"}'  class=\"uavc-list-desc ult-responsive\" style=\"\"><a href=\"https:\/\/nordickonsultbyra.se\/en\/bostadsratt\/\">Housing law<\/a><\/span><\/div><\/li><li><div class=\"uavc-list-content\" id=\"list-icon-wrap-4439\">\n<div class=\"uavc-list-icon\" data-animation=\"\" data-animation-delay=\"03\" style=\"margin-right:5px;\"><div class=\"ult-just-icon-wrapper\"><div class=\"align-icon\" style=\"text-align:center;\">\n<div class=\"aio-icon none\"  style=\"color:#0bc4d9;font-size:16px;display:inline-block;\">\n\t<i class=\"icomoon-the7-font-the7-arrow-29-2\"><\/i>\n<\/div><\/div><\/div>\n<\/div><span  data-ultimate-target='#list-icon-wrap-4439 .uavc-list-desc'  data-responsive-json-new='{\"font-size\":\"\",\"line-height\":\"\"}'  class=\"uavc-list-desc ult-responsive\" style=\"\"><a href=\"https:\/\/nordickonsultbyra.se\/en\/foretagsratt\/\">Business law<\/a><\/span><\/div><\/li><li><div class=\"uavc-list-content\" id=\"list-icon-wrap-4072\">\n<div class=\"uavc-list-icon\" data-animation=\"\" data-animation-delay=\"03\" style=\"margin-right:5px;\"><div class=\"ult-just-icon-wrapper\"><div class=\"align-icon\" style=\"text-align:center;\">\n<div class=\"aio-icon none\"  style=\"color:#0bc4d9;font-size:16px;display:inline-block;\">\n\t<i class=\"icomoon-the7-font-the7-arrow-29-2\"><\/i>\n<\/div><\/div><\/div>\n<\/div><span  data-ultimate-target='#list-icon-wrap-4072 .uavc-list-desc'  data-responsive-json-new='{\"font-size\":\"\",\"line-height\":\"\"}'  class=\"uavc-list-desc ult-responsive\" style=\"\"><a href=\"https:\/\/nordickonsultbyra.se\/en\/foretagsabonnemang\/\">Corporate Subscriptions<\/a><\/span><\/div><\/li><\/ul><\/div><\/div><\/div><\/div><\/div>\n<\/div>","protected":false},"excerpt":{"rendered":"<p>Juridiska tj\u00e4nster Vi erbjuder juridiska tj\u00e4nster b\u00e5de f\u00f6r privatpersoner och f\u00f6retag. Under v\u00e5r l\u00e5nga erfarenhet ger vi v\u00e5ra olika klienter juridisk r\u00e5dgivning inom m\u00e5nga r\u00e4ttsomr\u00e5den. Med stor erfarenhet och tillit \u00e4r v\u00e5rt expertteam k\u00e4nt f\u00f6r att tillhandah\u00e5lla juridiska tj\u00e4nster till en bred nationell och internationell kundbas. V\u00e5r djupg\u00e5ende kunskap om de olika regleringssystemen i var&hellip;<\/p>","protected":false},"author":1,"featured_media":341,"parent":0,"menu_order":0,"comment_status":"closed","ping_status":"closed","template":"","meta":{"footnotes":""},"class_list":["post-640","page","type-page","status-publish","has-post-thumbnail","hentry","description-off"],"_links":{"self":[{"href":"https:\/\/nordickonsultbyra.se\/en\/wp-json\/wp\/v2\/pages\/640","targetHints":{"allow":["GET"]}}],"collection":[{"href":"https:\/\/nordickonsultbyra.se\/en\/wp-json\/wp\/v2\/pages"}],"about":[{"href":"https:\/\/nordickonsultbyra.se\/en\/wp-json\/wp\/v2\/types\/page"}],"author":[{"embeddable":true,"href":"https:\/\/nordickonsultbyra.se\/en\/wp-json\/wp\/v2\/users\/1"}],"replies":[{"embeddable":true,"href":"https:\/\/nordickonsultbyra.se\/en\/wp-json\/wp\/v2\/comments?post=640"}],"version-history":[{"count":24,"href":"https:\/\/nordickonsultbyra.se\/en\/wp-json\/wp\/v2\/pages\/640\/revisions"}],"predecessor-version":[{"id":1034,"href":"https:\/\/nordickonsultbyra.se\/en\/wp-json\/wp\/v2\/pages\/640\/revisions\/1034"}],"wp:featuredmedia":[{"embeddable":true,"href":"https:\/\/nordickonsultbyra.se\/en\/wp-json\/wp\/v2\/media\/341"}],"wp:attachment":[{"href":"https:\/\/nordickonsultbyra.se\/en\/wp-json\/wp\/v2\/media?parent=640"}],"curies":[{"name":"wp","href":"https:\/\/api.w.org\/{rel}","templated":true}]}}