{"id":625,"date":"2022-03-26T19:14:26","date_gmt":"2022-03-26T18:14:26","guid":{"rendered":"https:\/\/nordickonsultbyra.se\/?page_id=625"},"modified":"2024-08-30T01:54:57","modified_gmt":"2024-08-29T23:54:57","slug":"integritetspolicy","status":"publish","type":"page","link":"https:\/\/nordickonsultbyra.se\/en\/integritetspolicy\/","title":{"rendered":"Privacy policy"},"content":{"rendered":"<div class=\"wpb-content-wrapper\"><div class=\"vc_row wpb_row vc_row-fluid\"><div class=\"wpb_column vc_column_container vc_col-sm-12\"><div class=\"vc_column-inner\"><div class=\"wpb_wrapper\"><div id=\"ultimate-heading-454969f07e758d38f\" class=\"uvc-heading ult-adjust-bottom-margin ultimate-heading-454969f07e758d38f uvc-886  uvc-heading-default-font-sizes\" data-hspacer=\"no_spacer\"  data-halign=\"left\" style=\"text-align:left\"><div class=\"uvc-heading-spacer no_spacer\" style=\"top\"><\/div><div class=\"uvc-main-heading ult-responsive\"  data-ultimate-target='.uvc-heading.ultimate-heading-454969f07e758d38f h2'  data-responsive-json-new='{\"font-size\":\"\",\"line-height\":\"\"}' ><h2 style=\"--font-weight:theme;\">Who we are<\/h2><\/div><\/div>\n\t<div class=\"wpb_text_column wpb_content_element\" >\n\t\t<div class=\"wpb_wrapper\">\n\t\t\t<p>Nordic Konsultbyr\u00e5 AB<br \/>\nOrg.nr. 559492-0935<br \/>\nL\u00e5ngatan 7, 361 31 Emmaboda<br \/>\nSweden<br \/>\nOur website address is: https:\/\/nordickonsultbyra.se.<\/p>\n\n\t\t<\/div>\n\t<\/div>\n<div id=\"ultimate-heading-588669f07e758d864\" class=\"uvc-heading ult-adjust-bottom-margin ultimate-heading-588669f07e758d864 uvc-194  uvc-heading-default-font-sizes\" data-hspacer=\"no_spacer\"  data-halign=\"left\" style=\"text-align:left\"><div class=\"uvc-heading-spacer no_spacer\" style=\"top\"><\/div><div class=\"uvc-main-heading ult-responsive\"  data-ultimate-target='.uvc-heading.ultimate-heading-588669f07e758d864 h2'  data-responsive-json-new='{\"font-size\":\"\",\"line-height\":\"\"}' ><h2 style=\"--font-weight:theme;\">Cookies<\/h2><\/div><\/div>\n\t<div class=\"wpb_text_column wpb_content_element\" >\n\t\t<div class=\"wpb_wrapper\">\n\t\t\t<p>Our website only uses so-called session cookies. Session cookies are cookies that only last for one session. A session starts when you launch a website or web application and ends when you leave the website or close the browser window. Session cookies contain information stored in a temporary memory location that is deleted when the session ends.<\/p>\n\n\t\t<\/div>\n\t<\/div>\n<div id=\"ultimate-heading-883169f07e758d9be\" class=\"uvc-heading ult-adjust-bottom-margin ultimate-heading-883169f07e758d9be uvc-768  uvc-heading-default-font-sizes\" data-hspacer=\"no_spacer\"  data-halign=\"left\" style=\"text-align:left\"><div class=\"uvc-heading-spacer no_spacer\" style=\"top\"><\/div><div class=\"uvc-main-heading ult-responsive\"  data-ultimate-target='.uvc-heading.ultimate-heading-883169f07e758d9be h2'  data-responsive-json-new='{\"font-size\":\"\",\"line-height\":\"\"}' ><h2 style=\"--font-weight:theme;\">Your personal data<\/h2><\/div><\/div>\n\t<div class=\"wpb_text_column wpb_content_element\" >\n\t\t<div class=\"wpb_wrapper\">\n\t\t\t<p>Your personal data is handled securely and carefully by us in accordance with the Data Protection Act. We will never disclose your personal data to a third party. You can contact us to request the information we have about you and also request correction or completion of these.<\/p>\n\n\t\t<\/div>\n\t<\/div>\n<div id=\"ultimate-heading-790269f07e758db20\" class=\"uvc-heading ult-adjust-bottom-margin ultimate-heading-790269f07e758db20 uvc-4639  uvc-heading-default-font-sizes\" data-hspacer=\"no_spacer\"  data-halign=\"left\" style=\"text-align:left\"><div class=\"uvc-heading-spacer no_spacer\" style=\"top\"><\/div><div class=\"uvc-main-heading ult-responsive\"  data-ultimate-target='.uvc-heading.ultimate-heading-790269f07e758db20 h2'  data-responsive-json-new='{\"font-size\":\"\",\"line-height\":\"\"}' ><h2 style=\"--font-weight:theme;\">How long we keep your data<\/h2><\/div><\/div>\n\t<div class=\"wpb_text_column wpb_content_element\" >\n\t\t<div class=\"wpb_wrapper\">\n\t\t\t<p>We keep your data in order to fulfil contracts and to contact you. The data will be kept as long as you are a customer of ours, or until you request removal of the data.<\/p>\n\n\t\t<\/div>\n\t<\/div>\n<div id=\"ultimate-heading-353669f07e758dcba\" class=\"uvc-heading ult-adjust-bottom-margin ultimate-heading-353669f07e758dcba uvc-7079  uvc-heading-default-font-sizes\" data-hspacer=\"no_spacer\"  data-halign=\"left\" style=\"text-align:left\"><div class=\"uvc-heading-spacer no_spacer\" style=\"top\"><\/div><div class=\"uvc-main-heading ult-responsive\"  data-ultimate-target='.uvc-heading.ultimate-heading-353669f07e758dcba h2'  data-responsive-json-new='{\"font-size\":\"\",\"line-height\":\"\"}' ><h2 style=\"--font-weight:theme;\">What rights you have over your data<\/h2><\/div><\/div>\n\t<div class=\"wpb_text_column wpb_content_element\" >\n\t\t<div class=\"wpb_wrapper\">\n\t\t\t<p>You can request an export file of the personal data we hold about you, including any information you have given us. You can also request that we delete any personal data we hold about you or ask us to amend it if you believe it is incorrect. This does not include any data we are obliged to keep for administrative, legal or security purposes. Contact us at info@nordickonsultbyra.se<\/p>\n\n\t\t<\/div>\n\t<\/div>\n\n\t<div class=\"wpb_text_column wpb_content_element\" >\n\t\t<div class=\"wpb_wrapper\">\n\t\t\t<p>Updated 2024-08-20<\/p>\n\n\t\t<\/div>\n\t<\/div>\n<\/div><\/div><\/div><\/div>\n<\/div>","protected":false},"excerpt":{"rendered":"<p>Vilka vi \u00e4r Nordic Konsultbyr\u00e5 AB Org.nr. 559492-0935 L\u00e5ngatan 7, 361 31 Emmaboda Sverige V\u00e5r webbplatsadress \u00e4r: https:\/\/nordickonsultbyra.se. Cookie-filer V\u00e5r hemsida anv\u00e4nder endast s\u00e5 kallade session cookies. Sessions cookies \u00e4r cookies som endast varar under en session. En session b\u00f6rjar n\u00e4r du startar en webbplats eller webbapplikation och slutar n\u00e4r du l\u00e4mnar webbplatsen eller st\u00e4nger&hellip;<\/p>","protected":false},"author":1,"featured_media":416,"parent":0,"menu_order":0,"comment_status":"closed","ping_status":"closed","template":"","meta":{"footnotes":""},"class_list":["post-625","page","type-page","status-publish","has-post-thumbnail","hentry","description-off"],"_links":{"self":[{"href":"https:\/\/nordickonsultbyra.se\/en\/wp-json\/wp\/v2\/pages\/625","targetHints":{"allow":["GET"]}}],"collection":[{"href":"https:\/\/nordickonsultbyra.se\/en\/wp-json\/wp\/v2\/pages"}],"about":[{"href":"https:\/\/nordickonsultbyra.se\/en\/wp-json\/wp\/v2\/types\/page"}],"author":[{"embeddable":true,"href":"https:\/\/nordickonsultbyra.se\/en\/wp-json\/wp\/v2\/users\/1"}],"replies":[{"embeddable":true,"href":"https:\/\/nordickonsultbyra.se\/en\/wp-json\/wp\/v2\/comments?post=625"}],"version-history":[{"count":13,"href":"https:\/\/nordickonsultbyra.se\/en\/wp-json\/wp\/v2\/pages\/625\/revisions"}],"predecessor-version":[{"id":636,"href":"https:\/\/nordickonsultbyra.se\/en\/wp-json\/wp\/v2\/pages\/625\/revisions\/636"}],"wp:featuredmedia":[{"embeddable":true,"href":"https:\/\/nordickonsultbyra.se\/en\/wp-json\/wp\/v2\/media\/416"}],"wp:attachment":[{"href":"https:\/\/nordickonsultbyra.se\/en\/wp-json\/wp\/v2\/media?parent=625"}],"curies":[{"name":"wp","href":"https:\/\/api.w.org\/{rel}","templated":true}]}}