{"id":467,"date":"2022-03-25T19:32:44","date_gmt":"2022-03-25T18:32:44","guid":{"rendered":"https:\/\/nordickonsultbyra.se\/?page_id=467"},"modified":"2022-03-25T19:33:21","modified_gmt":"2022-03-25T18:33:21","slug":"foretagsabonnemang","status":"publish","type":"page","link":"https:\/\/nordickonsultbyra.se\/en\/foretagsabonnemang\/","title":{"rendered":"Corporate Subscriptions"},"content":{"rendered":"<div class=\"wpb-content-wrapper\"><div class=\"vc_row wpb_row vc_row-fluid vc_column-gap-20\"><div class=\"wpb_column vc_column_container vc_col-sm-8\"><div class=\"vc_column-inner\"><div class=\"wpb_wrapper\">\n\t<div  class=\"wpb_single_image wpb_content_element vc_align_left\">\n\t\t\n\t\t<figure class=\"wpb_wrapper vc_figure\">\n\t\t\t<div class=\"vc_single_image-wrapper   vc_box_border_grey\"><img loading=\"lazy\" decoding=\"async\" width=\"1920\" height=\"1282\" src=\"https:\/\/nordickonsultbyra.se\/wp-content\/uploads\/2022\/03\/foretag-abonnemang.jpg\" class=\"vc_single_image-img attachment-full\" alt=\"F\u00f6retagsabonnemang\" title=\"\" srcset=\"https:\/\/nordickonsultbyra.se\/wp-content\/uploads\/2022\/03\/foretag-abonnemang.jpg 1920w, https:\/\/nordickonsultbyra.se\/wp-content\/uploads\/2022\/03\/foretag-abonnemang-300x200.jpg 300w, https:\/\/nordickonsultbyra.se\/wp-content\/uploads\/2022\/03\/foretag-abonnemang-1024x684.jpg 1024w, https:\/\/nordickonsultbyra.se\/wp-content\/uploads\/2022\/03\/foretag-abonnemang-768x513.jpg 768w, https:\/\/nordickonsultbyra.se\/wp-content\/uploads\/2022\/03\/foretag-abonnemang-1536x1026.jpg 1536w\" sizes=\"auto, (max-width: 1920px) 100vw, 1920px\"  data-dt-location=\"https:\/\/nordickonsultbyra.se\/en\/foretagsabonnemang\/foretag-abonnemang\/\" \/><\/div>\n\t\t<\/figure>\n\t<\/div>\n<div id=\"ultimate-heading-13716a09346360c31\" class=\"uvc-heading ult-adjust-bottom-margin ultimate-heading-13716a09346360c31 uvc-6385  uvc-heading-default-font-sizes\" data-hspacer=\"no_spacer\"  data-halign=\"left\" style=\"text-align:left\"><div class=\"uvc-heading-spacer no_spacer\" style=\"top\"><\/div><div class=\"uvc-main-heading ult-responsive\"  data-ultimate-target='.uvc-heading.ultimate-heading-13716a09346360c31 h2'  data-responsive-json-new='{\"font-size\":\"\",\"line-height\":\"\"}' ><h2 style=\"--font-weight:theme;\">Om f\u00f6retagsabonnemang<\/h2><\/div><\/div>\n\t<div class=\"wpb_text_column wpb_content_element \" >\n\t\t<div class=\"wpb_wrapper\">\n\t\t\t<p>Timfaktureringsmodellen har l\u00e4nge varit en standard f\u00f6r f\u00f6r jurister och advokatbyr\u00e5er.<br \/>\nIst\u00e4llet f\u00f6r att betala f\u00f6r juristens tid per timme (eller procent av timmen) erbjuder vi v\u00e5ra f\u00f6retagsklienter att godk\u00e4nna en m\u00e5nads- eller \u00e5rsavgift som ger dem friheten att kontakta oss efter behov.<\/p>\n<p>\u00c4r du intresserad, h\u00f6r g\u00e4rna av dig till oss f\u00f6r n\u00e4rmare information och fullst\u00e4ndiga villkor.<\/p>\n\n\t\t<\/div>\n\t<\/div>\n<div id=\"ultimate-heading-47436a09346360e41\" class=\"uvc-heading ult-adjust-bottom-margin ultimate-heading-47436a09346360e41 uvc-5263  uvc-heading-default-font-sizes\" data-hspacer=\"no_spacer\"  data-halign=\"left\" style=\"text-align:left\"><div class=\"uvc-heading-spacer no_spacer\" style=\"top\"><\/div><div class=\"uvc-main-heading ult-responsive\"  data-ultimate-target='.uvc-heading.ultimate-heading-47436a09346360e41 h2'  data-responsive-json-new='{\"font-size\":\"\",\"line-height\":\"\"}' ><h2 style=\"--font-weight:theme;\">Ett abonnemang ger dig stora f\u00f6rdelar<\/h2><\/div><\/div><div class=\"vc_row wpb_row vc_inner vc_row-fluid\"><div class=\"wpb_column vc_column_container vc_col-sm-6\"><div class=\"vc_column-inner\"><div class=\"wpb_wrapper\">\n\t<div class=\"wpb_text_column wpb_content_element \" >\n\t\t<div class=\"wpb_wrapper\">\n\t\t\t<ul>\n<li>50% rabatt p\u00e5 allt<\/li>\n<li>Snabb behandling<\/li>\n<li>Enkelt och tryggt<\/li>\n<li>Endast 900 kr\/m\u00e5n<\/li>\n<\/ul>\n\n\t\t<\/div>\n\t<\/div>\n<\/div><\/div><\/div><div class=\"wpb_column vc_column_container vc_col-sm-6\"><div class=\"vc_column-inner\"><div class=\"wpb_wrapper\">\n\t<div class=\"wpb_text_column wpb_content_element \" >\n\t\t<div class=\"wpb_wrapper\">\n\t\t\t\n\t\t<\/div>\n\t<\/div>\n<\/div><\/div><\/div><\/div><\/div><\/div><\/div><div class=\"wpb_column vc_column_container vc_col-sm-4\"><div class=\"vc_column-inner\"><div class=\"wpb_wrapper\"><div class=\"vc_row wpb_row vc_inner vc_row-fluid vc_custom_1648223069532 vc_row-has-fill\"><div class=\"wpb_column vc_column_container vc_col-sm-12\"><div class=\"vc_column-inner\"><div class=\"wpb_wrapper\"><div id=\"ultimate-heading-30506a0934636192c\" class=\"uvc-heading ult-adjust-bottom-margin ultimate-heading-30506a0934636192c uvc-3629  uvc-heading-default-font-sizes\" data-hspacer=\"no_spacer\"  data-halign=\"left\" style=\"text-align:left\"><div class=\"uvc-heading-spacer no_spacer\" style=\"top\"><\/div><div class=\"uvc-main-heading ult-responsive\"  data-ultimate-target='.uvc-heading.ultimate-heading-30506a0934636192c h3'  data-responsive-json-new='{\"font-size\":\"\",\"line-height\":\"\"}' ><h3 style=\"--font-weight:theme;\">Beg\u00e4r konsultation<\/h3><\/div><\/div>\n\t<div class=\"wpb_text_column wpb_content_element \" >\n\t\t<div class=\"wpb_wrapper\">\n\t\t\t<p>Vi kontaktar dig ang\u00e5ende ditt \u00e4rende s\u00e5 fort vi kan.<\/p>\n\n\t\t<\/div>\n\t<\/div>\n\n\t<div class=\"wpb_text_column wpb_content_element \" >\n\t\t<div class=\"wpb_wrapper\">\n\t\t\t<div class=\"wpforms-container wpforms-container-full\" id=\"wpforms-376\"><form id=\"wpforms-form-376\" class=\"wpforms-validate wpforms-form wpforms-ajax-form\" data-formid=\"376\" method=\"post\" enctype=\"multipart\/form-data\" action=\"\/en\/wp-json\/wp\/v2\/pages\/467\" data-token=\"af219df8a76872f8a14fede67b6e697a\" data-token-time=\"1778988131\"><noscript class=\"wpforms-error-noscript\">Please enable JavaScript in your browser to complete this form.<\/noscript><div class=\"wpforms-field-container\"><div id=\"wpforms-376-field_2-container\" class=\"wpforms-field wpforms-field-name\" data-field-id=\"2\"><label class=\"wpforms-field-label wpforms-label-hide\" for=\"wpforms-376-field_2\">Namn <span class=\"wpforms-required-label\">*<\/span><\/label><input type=\"text\" id=\"wpforms-376-field_2\" class=\"wpforms-field-large wpforms-field-required\" name=\"wpforms[fields][2]\" placeholder=\"Ditt namn*\" required><\/div><div id=\"wpforms-376-field_1-container\" class=\"wpforms-field wpforms-field-email\" data-field-id=\"1\"><label class=\"wpforms-field-label wpforms-label-hide\" for=\"wpforms-376-field_1\">E-post <span class=\"wpforms-required-label\">*<\/span><\/label><input type=\"email\" id=\"wpforms-376-field_1\" class=\"wpforms-field-large wpforms-field-required\" name=\"wpforms[fields][1]\" placeholder=\"E-post*\" spellcheck=\"false\" required><\/div><div id=\"wpforms-376-field_4-container\" class=\"wpforms-field wpforms-field-text\" data-field-id=\"4\"><label class=\"wpforms-field-label wpforms-label-hide\" for=\"wpforms-376-field_4\">Telefon<\/label><input type=\"text\" id=\"wpforms-376-field_4\" class=\"wpforms-field-large\" name=\"wpforms[fields][4]\" placeholder=\"Telefon\" ><\/div><div id=\"wpforms-376-field_5-container\" class=\"wpforms-field wpforms-field-textarea\" data-field-id=\"5\"><label class=\"wpforms-field-label wpforms-label-hide\" for=\"wpforms-376-field_5\">Meddelande <span class=\"wpforms-required-label\">*<\/span><\/label><textarea id=\"wpforms-376-field_5\" class=\"wpforms-field-large wpforms-field-required\" name=\"wpforms[fields][5]\" placeholder=\"Ditt meddelande*\" required><\/textarea><\/div><div id=\"wpforms-376-field_6-container\" class=\"wpforms-field wpforms-field-checkbox\" data-field-id=\"6\"><label class=\"wpforms-field-label wpforms-label-hide\">GDPR<\/label><ul id=\"wpforms-376-field_6\"><li class=\"choice-1 depth-1\"><input type=\"checkbox\" id=\"wpforms-376-field_6_1\" name=\"wpforms[fields][6][]\" value=\"Jag till\u00e5ter att mina personuppgifter behandlas. &lt;a href=&quot;https:\/\/nordickonsultbyra.se\/integritetspolicy&quot;&gt;Integritetspolicy&lt;\/a&gt;\"  ><label class=\"wpforms-field-label-inline\" for=\"wpforms-376-field_6_1\">Jag till\u00e5ter att mina personuppgifter behandlas. <a href=\"https:\/\/nordickonsultbyra.se\/integritetspolicy\">Integritetspolicy<\/a><\/label><\/li><\/ul><\/div><\/div><!-- .wpforms-field-container --><div class=\"wpforms-submit-container\" ><input type=\"hidden\" name=\"wpforms[id]\" value=\"376\"><input type=\"hidden\" name=\"page_title\" value=\"\"><input type=\"hidden\" name=\"page_url\" value=\"https:\/\/nordickonsultbyra.se\/en\/wp-json\/wp\/v2\/pages\/467\"><input type=\"hidden\" name=\"url_referer\" value=\"\"><button type=\"submit\" name=\"wpforms[submit]\" id=\"wpforms-submit-376\" class=\"wpforms-submit\" data-alt-text=\"Skickar \u2026\" data-submit-text=\"Skicka\" aria-live=\"assertive\" value=\"wpforms-submit\">Skicka<\/button><img loading=\"lazy\" decoding=\"async\" src=\"https:\/\/nordickonsultbyra.se\/wp-content\/plugins\/wpforms-lite\/assets\/images\/submit-spin.svg\" class=\"wpforms-submit-spinner\" style=\"display: none;\" width=\"26\" height=\"26\" alt=\"Loading\"><\/div><\/form><\/div>  <!-- .wpforms-container -->\n\n\t\t<\/div>\n\t<\/div>\n<\/div><\/div><\/div><\/div><div class=\"vc_empty_space\"   style=\"height: 60px\"><span class=\"vc_empty_space_inner\"><\/span><\/div><div class=\"vc_row wpb_row vc_inner vc_row-fluid vc_custom_1648223167822 vc_row-has-fill\"><div class=\"wpb_column vc_column_container vc_col-sm-12\"><div class=\"vc_column-inner\"><div class=\"wpb_wrapper\"><div  class=\"wpb_widgetised_column wpb_content_element sidebar-content solid-bg\">\n\t\t<div class=\"wpb_wrapper\">\n\t\t\t\n\t\t\t<section id=\"presscore-custom-menu-one-2\" class=\"widget widget_presscore-custom-menu-one\"><div class=\"widget-title\">JURIDISKA TJ\u00c4NSTER<\/div><ul class=\"custom-menu dividers-on enable-bold show-arrow\"><li class=\"menu-item menu-item-type-post_type menu-item-object-page menu-item-418 first\"><a href=\"https:\/\/nordickonsultbyra.se\/en\/familjeratt\/\"> Familjer\u00e4tt<\/a><\/li><li class=\"menu-item menu-item-type-post_type menu-item-object-page menu-item-431\"><a href=\"https:\/\/nordickonsultbyra.se\/en\/arvsratt\/\"> Arvsr\u00e4tt<\/a><\/li><li class=\"menu-item menu-item-type-post_type menu-item-object-page menu-item-445\"><a href=\"https:\/\/nordickonsultbyra.se\/en\/migrationsratt\/\"> Migrationsr\u00e4tt<\/a><\/li><li class=\"menu-item menu-item-type-post_type menu-item-object-page menu-item-452\"><a href=\"https:\/\/nordickonsultbyra.se\/en\/arbetsratt\/\"> Arbetsr\u00e4tt<\/a><\/li><li class=\"menu-item menu-item-type-post_type menu-item-object-page menu-item-461\"><a href=\"https:\/\/nordickonsultbyra.se\/en\/bostadsratt\/\"> Bostadsr\u00e4tt<\/a><\/li><li class=\"menu-item menu-item-type-post_type menu-item-object-page menu-item-466\"><a href=\"https:\/\/nordickonsultbyra.se\/en\/foretagsratt\/\"> F\u00f6retagsr\u00e4tt<\/a><\/li><li class=\"menu-item menu-item-type-post_type menu-item-object-page menu-item-473\"><a href=\"https:\/\/nordickonsultbyra.se\/en\/foretagsabonnemang\/\"> F\u00f6retagsabonnemang<\/a><\/li><\/ul><\/section>\n\t\t<\/div>\n\t<\/div>\n<\/div><\/div><\/div><\/div><\/div><\/div><\/div><\/div>\n<\/div>","protected":false},"excerpt":{"rendered":"<p>Om f\u00f6retagsabonnemang Timfaktureringsmodellen har l\u00e4nge varit en standard f\u00f6r f\u00f6r jurister och advokatbyr\u00e5er. Ist\u00e4llet f\u00f6r att betala f\u00f6r juristens tid per timme (eller procent av timmen) erbjuder vi v\u00e5ra f\u00f6retagsklienter att godk\u00e4nna en m\u00e5nads- eller \u00e5rsavgift som ger dem friheten att kontakta oss efter behov. \u00c4r du intresserad, h\u00f6r g\u00e4rna av dig till oss f\u00f6r&hellip;<\/p>","protected":false},"author":1,"featured_media":416,"parent":0,"menu_order":0,"comment_status":"closed","ping_status":"closed","template":"","meta":{"footnotes":""},"class_list":["post-467","page","type-page","status-publish","has-post-thumbnail","hentry","description-off"],"_links":{"self":[{"href":"https:\/\/nordickonsultbyra.se\/en\/wp-json\/wp\/v2\/pages\/467","targetHints":{"allow":["GET"]}}],"collection":[{"href":"https:\/\/nordickonsultbyra.se\/en\/wp-json\/wp\/v2\/pages"}],"about":[{"href":"https:\/\/nordickonsultbyra.se\/en\/wp-json\/wp\/v2\/types\/page"}],"author":[{"embeddable":true,"href":"https:\/\/nordickonsultbyra.se\/en\/wp-json\/wp\/v2\/users\/1"}],"replies":[{"embeddable":true,"href":"https:\/\/nordickonsultbyra.se\/en\/wp-json\/wp\/v2\/comments?post=467"}],"version-history":[{"count":4,"href":"https:\/\/nordickonsultbyra.se\/en\/wp-json\/wp\/v2\/pages\/467\/revisions"}],"predecessor-version":[{"id":472,"href":"https:\/\/nordickonsultbyra.se\/en\/wp-json\/wp\/v2\/pages\/467\/revisions\/472"}],"wp:featuredmedia":[{"embeddable":true,"href":"https:\/\/nordickonsultbyra.se\/en\/wp-json\/wp\/v2\/media\/416"}],"wp:attachment":[{"href":"https:\/\/nordickonsultbyra.se\/en\/wp-json\/wp\/v2\/media?parent=467"}],"curies":[{"name":"wp","href":"https:\/\/api.w.org\/{rel}","templated":true}]}}