{"id":446,"date":"2022-03-25T18:00:42","date_gmt":"2022-03-25T17:00:42","guid":{"rendered":"https:\/\/nordickonsultbyra.se\/?page_id=446"},"modified":"2026-04-03T12:13:22","modified_gmt":"2026-04-03T10:13:22","slug":"arbetsratt","status":"publish","type":"page","link":"https:\/\/nordickonsultbyra.se\/en\/arbetsratt\/","title":{"rendered":"Employment law"},"content":{"rendered":"<div class=\"wpb-content-wrapper\"><div class=\"vc_row wpb_row vc_row-fluid vc_column-gap-20\"><div class=\"wpb_column vc_column_container vc_col-sm-8\"><div class=\"vc_column-inner\"><div class=\"wpb_wrapper\">\n\t<div  class=\"wpb_single_image wpb_content_element vc_align_left\">\n\t\t\n\t\t<figure class=\"wpb_wrapper vc_figure\">\n\t\t\t<div class=\"vc_single_image-wrapper   vc_box_border_grey\"><img loading=\"lazy\" decoding=\"async\" width=\"1920\" height=\"1280\" src=\"https:\/\/nordickonsultbyra.se\/wp-content\/uploads\/2022\/03\/arbetsratt.jpg\" class=\"vc_single_image-img attachment-full\" alt=\"Arbetsr\u00e4tt\" title=\"\" srcset=\"https:\/\/nordickonsultbyra.se\/wp-content\/uploads\/2022\/03\/arbetsratt.jpg 1920w, https:\/\/nordickonsultbyra.se\/wp-content\/uploads\/2022\/03\/arbetsratt-300x200.jpg 300w, https:\/\/nordickonsultbyra.se\/wp-content\/uploads\/2022\/03\/arbetsratt-1024x683.jpg 1024w, https:\/\/nordickonsultbyra.se\/wp-content\/uploads\/2022\/03\/arbetsratt-768x512.jpg 768w, https:\/\/nordickonsultbyra.se\/wp-content\/uploads\/2022\/03\/arbetsratt-1536x1024.jpg 1536w\" sizes=\"auto, (max-width: 1920px) 100vw, 1920px\"  data-dt-location=\"https:\/\/nordickonsultbyra.se\/en\/arbetsratt\/arbetsratt\/\" \/><\/div>\n\t\t<\/figure>\n\t<\/div>\n<div id=\"ultimate-heading-46806a09343e27b67\" class=\"uvc-heading ult-adjust-bottom-margin ultimate-heading-46806a09343e27b67 uvc-4136  uvc-heading-default-font-sizes\" data-hspacer=\"no_spacer\"  data-halign=\"left\" style=\"text-align:left\"><div class=\"uvc-heading-spacer no_spacer\" style=\"top\"><\/div><div class=\"uvc-main-heading ult-responsive\"  data-ultimate-target='.uvc-heading.ultimate-heading-46806a09343e27b67 h2'  data-responsive-json-new='{\"font-size\":\"\",\"line-height\":\"\"}' ><h2 style=\"--font-weight:theme;\">Om arbetsr\u00e4tt<\/h2><\/div><\/div>\n\t<div class=\"wpb_text_column wpb_content_element \" >\n\t\t<div class=\"wpb_wrapper\">\n\t\t\t<p>Arbetsr\u00e4tt och arbetsmilj\u00f6 handlar om f\u00f6rh\u00e5llandena i arbetslivet. Omr\u00e5det omfattar \u00e4ven fr\u00e5gor r\u00f6rande l\u00f6nebildning och medling i arbetstvister samt anst\u00e4llningsavtal.<\/p>\n<p>Ingen som arbetar i Sverige ska ha ett jobb som utnyttjar dem eller sliter ut dem. Ingen ska beh\u00f6va riskera d\u00f6dsfall eller allvarlig personskada p\u00e5 jobbet.<\/p>\n\n\t\t<\/div>\n\t<\/div>\n<div id=\"ultimate-heading-9866a09343e28121\" class=\"uvc-heading ult-adjust-bottom-margin ultimate-heading-9866a09343e28121 uvc-8667  uvc-heading-default-font-sizes\" data-hspacer=\"no_spacer\"  data-halign=\"left\" style=\"text-align:left\"><div class=\"uvc-heading-spacer no_spacer\" style=\"top\"><\/div><div class=\"uvc-main-heading ult-responsive\"  data-ultimate-target='.uvc-heading.ultimate-heading-9866a09343e28121 h4'  data-responsive-json-new='{\"font-size\":\"\",\"line-height\":\"\"}' ><h4 style=\"--font-weight:theme;\">Vi kan hj\u00e4lpa dig med ett anst\u00e4llningsavtal m.m.<\/h4><\/div><\/div><\/div><\/div><\/div><div class=\"wpb_column vc_column_container vc_col-sm-4\"><div class=\"vc_column-inner\"><div class=\"wpb_wrapper\"><div class=\"vc_row wpb_row vc_inner vc_row-fluid vc_custom_1648223069532 vc_row-has-fill\"><div class=\"wpb_column vc_column_container vc_col-sm-12\"><div class=\"vc_column-inner\"><div class=\"wpb_wrapper\"><div id=\"ultimate-heading-9046a09343e2910f\" class=\"uvc-heading ult-adjust-bottom-margin ultimate-heading-9046a09343e2910f uvc-2805  uvc-heading-default-font-sizes\" data-hspacer=\"no_spacer\"  data-halign=\"left\" style=\"text-align:left\"><div class=\"uvc-heading-spacer no_spacer\" style=\"top\"><\/div><div class=\"uvc-main-heading ult-responsive\"  data-ultimate-target='.uvc-heading.ultimate-heading-9046a09343e2910f h3'  data-responsive-json-new='{\"font-size\":\"\",\"line-height\":\"\"}' ><h3 style=\"--font-weight:theme;\">Beg\u00e4r konsultation<\/h3><\/div><\/div>\n\t<div class=\"wpb_text_column wpb_content_element \" >\n\t\t<div class=\"wpb_wrapper\">\n\t\t\t<p>Vi kontaktar dig ang\u00e5ende ditt \u00e4rende s\u00e5 fort vi kan.<\/p>\n\n\t\t<\/div>\n\t<\/div>\n\n\t<div class=\"wpb_text_column wpb_content_element \" >\n\t\t<div class=\"wpb_wrapper\">\n\t\t\t<div class=\"wpforms-container wpforms-container-full\" id=\"wpforms-376\"><form id=\"wpforms-form-376\" class=\"wpforms-validate wpforms-form wpforms-ajax-form\" data-formid=\"376\" method=\"post\" enctype=\"multipart\/form-data\" action=\"\/en\/wp-json\/wp\/v2\/pages\/446\" data-token=\"af219df8a76872f8a14fede67b6e697a\" data-token-time=\"1778988094\"><noscript class=\"wpforms-error-noscript\">Please enable JavaScript in your browser to complete this form.<\/noscript><div class=\"wpforms-field-container\"><div id=\"wpforms-376-field_2-container\" class=\"wpforms-field wpforms-field-name\" data-field-id=\"2\"><label class=\"wpforms-field-label wpforms-label-hide\" for=\"wpforms-376-field_2\">Namn <span class=\"wpforms-required-label\">*<\/span><\/label><input type=\"text\" id=\"wpforms-376-field_2\" class=\"wpforms-field-large wpforms-field-required\" name=\"wpforms[fields][2]\" placeholder=\"Ditt namn*\" required><\/div><div id=\"wpforms-376-field_1-container\" class=\"wpforms-field wpforms-field-email\" data-field-id=\"1\"><label class=\"wpforms-field-label wpforms-label-hide\" for=\"wpforms-376-field_1\">E-post <span class=\"wpforms-required-label\">*<\/span><\/label><input type=\"email\" id=\"wpforms-376-field_1\" class=\"wpforms-field-large wpforms-field-required\" name=\"wpforms[fields][1]\" placeholder=\"E-post*\" spellcheck=\"false\" required><\/div><div id=\"wpforms-376-field_4-container\" class=\"wpforms-field wpforms-field-text\" data-field-id=\"4\"><label class=\"wpforms-field-label wpforms-label-hide\" for=\"wpforms-376-field_4\">Telefon<\/label><input type=\"text\" id=\"wpforms-376-field_4\" class=\"wpforms-field-large\" name=\"wpforms[fields][4]\" placeholder=\"Telefon\" ><\/div><div id=\"wpforms-376-field_5-container\" class=\"wpforms-field wpforms-field-textarea\" data-field-id=\"5\"><label class=\"wpforms-field-label wpforms-label-hide\" for=\"wpforms-376-field_5\">Meddelande <span class=\"wpforms-required-label\">*<\/span><\/label><textarea id=\"wpforms-376-field_5\" class=\"wpforms-field-large wpforms-field-required\" name=\"wpforms[fields][5]\" placeholder=\"Ditt meddelande*\" required><\/textarea><\/div><div id=\"wpforms-376-field_6-container\" class=\"wpforms-field wpforms-field-checkbox\" data-field-id=\"6\"><label class=\"wpforms-field-label wpforms-label-hide\">GDPR<\/label><ul id=\"wpforms-376-field_6\"><li class=\"choice-1 depth-1\"><input type=\"checkbox\" id=\"wpforms-376-field_6_1\" name=\"wpforms[fields][6][]\" value=\"Jag till\u00e5ter att mina personuppgifter behandlas. &lt;a href=&quot;https:\/\/nordickonsultbyra.se\/integritetspolicy&quot;&gt;Integritetspolicy&lt;\/a&gt;\"  ><label class=\"wpforms-field-label-inline\" for=\"wpforms-376-field_6_1\">Jag till\u00e5ter att mina personuppgifter behandlas. <a href=\"https:\/\/nordickonsultbyra.se\/integritetspolicy\">Integritetspolicy<\/a><\/label><\/li><\/ul><\/div><\/div><!-- .wpforms-field-container --><div class=\"wpforms-submit-container\" ><input type=\"hidden\" name=\"wpforms[id]\" value=\"376\"><input type=\"hidden\" name=\"page_title\" value=\"\"><input type=\"hidden\" name=\"page_url\" value=\"https:\/\/nordickonsultbyra.se\/en\/wp-json\/wp\/v2\/pages\/446\"><input type=\"hidden\" name=\"url_referer\" value=\"\"><button type=\"submit\" name=\"wpforms[submit]\" id=\"wpforms-submit-376\" class=\"wpforms-submit\" data-alt-text=\"Skickar \u2026\" data-submit-text=\"Skicka\" aria-live=\"assertive\" value=\"wpforms-submit\">Skicka<\/button><img loading=\"lazy\" decoding=\"async\" src=\"https:\/\/nordickonsultbyra.se\/wp-content\/plugins\/wpforms-lite\/assets\/images\/submit-spin.svg\" class=\"wpforms-submit-spinner\" style=\"display: none;\" width=\"26\" height=\"26\" alt=\"Loading\"><\/div><\/form><\/div>  <!-- .wpforms-container -->\n\n\t\t<\/div>\n\t<\/div>\n<\/div><\/div><\/div><\/div><div class=\"vc_empty_space\"   style=\"height: 60px\"><span class=\"vc_empty_space_inner\"><\/span><\/div><div class=\"vc_row wpb_row vc_inner vc_row-fluid vc_custom_1648223167822 vc_row-has-fill\"><div class=\"wpb_column vc_column_container vc_col-sm-12\"><div class=\"vc_column-inner\"><div class=\"wpb_wrapper\"><div  class=\"wpb_widgetised_column wpb_content_element sidebar-content solid-bg\">\n\t\t<div class=\"wpb_wrapper\">\n\t\t\t\n\t\t\t<section id=\"presscore-custom-menu-one-2\" class=\"widget widget_presscore-custom-menu-one\"><div class=\"widget-title\">JURIDISKA TJ\u00c4NSTER<\/div><ul class=\"custom-menu dividers-on enable-bold show-arrow\"><li class=\"menu-item menu-item-type-post_type menu-item-object-page menu-item-418 first\"><a href=\"https:\/\/nordickonsultbyra.se\/en\/familjeratt\/\"> Familjer\u00e4tt<\/a><\/li><li class=\"menu-item menu-item-type-post_type menu-item-object-page menu-item-431\"><a href=\"https:\/\/nordickonsultbyra.se\/en\/arvsratt\/\"> Arvsr\u00e4tt<\/a><\/li><li class=\"menu-item menu-item-type-post_type menu-item-object-page menu-item-445\"><a href=\"https:\/\/nordickonsultbyra.se\/en\/migrationsratt\/\"> Migrationsr\u00e4tt<\/a><\/li><li class=\"menu-item menu-item-type-post_type menu-item-object-page menu-item-452\"><a href=\"https:\/\/nordickonsultbyra.se\/en\/arbetsratt\/\"> Arbetsr\u00e4tt<\/a><\/li><li class=\"menu-item menu-item-type-post_type menu-item-object-page menu-item-461\"><a href=\"https:\/\/nordickonsultbyra.se\/en\/bostadsratt\/\"> Bostadsr\u00e4tt<\/a><\/li><li class=\"menu-item menu-item-type-post_type menu-item-object-page menu-item-466\"><a href=\"https:\/\/nordickonsultbyra.se\/en\/foretagsratt\/\"> F\u00f6retagsr\u00e4tt<\/a><\/li><li class=\"menu-item menu-item-type-post_type menu-item-object-page menu-item-473\"><a href=\"https:\/\/nordickonsultbyra.se\/en\/foretagsabonnemang\/\"> F\u00f6retagsabonnemang<\/a><\/li><\/ul><\/section>\n\t\t<\/div>\n\t<\/div>\n<\/div><\/div><\/div><\/div><\/div><\/div><\/div><\/div>\n<\/div>","protected":false},"excerpt":{"rendered":"<p>Om arbetsr\u00e4tt Arbetsr\u00e4tt och arbetsmilj\u00f6 handlar om f\u00f6rh\u00e5llandena i arbetslivet. Omr\u00e5det omfattar \u00e4ven fr\u00e5gor r\u00f6rande l\u00f6nebildning och medling i arbetstvister samt anst\u00e4llningsavtal. Ingen som arbetar i Sverige ska ha ett jobb som utnyttjar dem eller sliter ut dem. Ingen ska beh\u00f6va riskera d\u00f6dsfall eller allvarlig personskada p\u00e5 jobbet. Vi kan hj\u00e4lpa dig med ett anst\u00e4llningsavtal&hellip;<\/p>","protected":false},"author":1,"featured_media":416,"parent":0,"menu_order":0,"comment_status":"closed","ping_status":"closed","template":"","meta":{"footnotes":""},"class_list":["post-446","page","type-page","status-publish","has-post-thumbnail","hentry","description-off"],"_links":{"self":[{"href":"https:\/\/nordickonsultbyra.se\/en\/wp-json\/wp\/v2\/pages\/446","targetHints":{"allow":["GET"]}}],"collection":[{"href":"https:\/\/nordickonsultbyra.se\/en\/wp-json\/wp\/v2\/pages"}],"about":[{"href":"https:\/\/nordickonsultbyra.se\/en\/wp-json\/wp\/v2\/types\/page"}],"author":[{"embeddable":true,"href":"https:\/\/nordickonsultbyra.se\/en\/wp-json\/wp\/v2\/users\/1"}],"replies":[{"embeddable":true,"href":"https:\/\/nordickonsultbyra.se\/en\/wp-json\/wp\/v2\/comments?post=446"}],"version-history":[{"count":6,"href":"https:\/\/nordickonsultbyra.se\/en\/wp-json\/wp\/v2\/pages\/446\/revisions"}],"predecessor-version":[{"id":1040,"href":"https:\/\/nordickonsultbyra.se\/en\/wp-json\/wp\/v2\/pages\/446\/revisions\/1040"}],"wp:featuredmedia":[{"embeddable":true,"href":"https:\/\/nordickonsultbyra.se\/en\/wp-json\/wp\/v2\/media\/416"}],"wp:attachment":[{"href":"https:\/\/nordickonsultbyra.se\/en\/wp-json\/wp\/v2\/media?parent=446"}],"curies":[{"name":"wp","href":"https:\/\/api.w.org\/{rel}","templated":true}]}}