{"id":432,"date":"2022-03-25T17:37:21","date_gmt":"2022-03-25T16:37:21","guid":{"rendered":"https:\/\/nordickonsultbyra.se\/?page_id=432"},"modified":"2022-03-25T17:37:27","modified_gmt":"2022-03-25T16:37:27","slug":"migrationsratt","status":"publish","type":"page","link":"https:\/\/nordickonsultbyra.se\/en\/migrationsratt\/","title":{"rendered":"Migration law"},"content":{"rendered":"<div class=\"wpb-content-wrapper\"><div class=\"vc_row wpb_row vc_row-fluid vc_column-gap-20\"><div class=\"wpb_column vc_column_container vc_col-sm-8\"><div class=\"vc_column-inner\"><div class=\"wpb_wrapper\">\n\t<div  class=\"wpb_single_image wpb_content_element vc_align_left\">\n\t\t\n\t\t<figure class=\"wpb_wrapper vc_figure\">\n\t\t\t<div class=\"vc_single_image-wrapper   vc_box_border_grey\"><img loading=\"lazy\" decoding=\"async\" width=\"1920\" height=\"1282\" src=\"https:\/\/nordickonsultbyra.se\/wp-content\/uploads\/2022\/03\/migrationsratt.jpg\" class=\"vc_single_image-img attachment-full\" alt=\"Migrationsr\u00e4tt\" title=\"\" srcset=\"https:\/\/nordickonsultbyra.se\/wp-content\/uploads\/2022\/03\/migrationsratt.jpg 1920w, https:\/\/nordickonsultbyra.se\/wp-content\/uploads\/2022\/03\/migrationsratt-300x200.jpg 300w, https:\/\/nordickonsultbyra.se\/wp-content\/uploads\/2022\/03\/migrationsratt-1024x684.jpg 1024w, https:\/\/nordickonsultbyra.se\/wp-content\/uploads\/2022\/03\/migrationsratt-768x513.jpg 768w, https:\/\/nordickonsultbyra.se\/wp-content\/uploads\/2022\/03\/migrationsratt-1536x1026.jpg 1536w\" sizes=\"auto, (max-width: 1920px) 100vw, 1920px\"  data-dt-location=\"https:\/\/nordickonsultbyra.se\/en\/migrationsratt\/migrationsratt\/\" \/><\/div>\n\t\t<\/figure>\n\t<\/div>\n<div id=\"ultimate-heading-668769f0678b1766c\" class=\"uvc-heading ult-adjust-bottom-margin ultimate-heading-668769f0678b1766c uvc-5612  uvc-heading-default-font-sizes\" data-hspacer=\"no_spacer\"  data-halign=\"left\" style=\"text-align:left\"><div class=\"uvc-heading-spacer no_spacer\" style=\"top\"><\/div><div class=\"uvc-main-heading ult-responsive\"  data-ultimate-target='.uvc-heading.ultimate-heading-668769f0678b1766c h2'  data-responsive-json-new='{\"font-size\":\"\",\"line-height\":\"\"}' ><h2 style=\"--font-weight:theme;\">Om Migrationsr\u00e4tt<\/h2><\/div><\/div><div id=\"ultimate-heading-293069f0678b176c9\" class=\"uvc-heading ult-adjust-bottom-margin ultimate-heading-293069f0678b176c9 uvc-4862  uvc-heading-default-font-sizes\" data-hspacer=\"no_spacer\"  data-halign=\"left\" style=\"text-align:left\"><div class=\"uvc-heading-spacer no_spacer\" style=\"top\"><\/div><div class=\"uvc-main-heading ult-responsive\"  data-ultimate-target='.uvc-heading.ultimate-heading-293069f0678b176c9 h4'  data-responsive-json-new='{\"font-size\":\"\",\"line-height\":\"\"}' ><h4 style=\"--font-weight:theme;\">Juridiska experter p\u00e5 din sida<\/h4><\/div><\/div>\n\t<div class=\"wpb_text_column wpb_content_element \" >\n\t\t<div class=\"wpb_wrapper\">\n\t\t\t<p>Immigrationslagen \u00e4r ett omr\u00e5de som kan vara mycket f\u00f6rvirrande f\u00f6r alla som inte har utbildats inom omr\u00e5det. Om du beh\u00f6ver r\u00e5d om invandringslag kan det vara skr\u00e4mmande att f\u00f6rst\u00e5 detaljerna i situationen.<\/p>\n<p>Vi \u00e4r experter p\u00e5 detta omr\u00e5de och \u00e4r h\u00e4r f\u00f6r att hj\u00e4lpa m\u00e4nniskor att hitta sig igenom invandringsprocessen.<\/p>\n\n\t\t<\/div>\n\t<\/div>\n<div id=\"ultimate-heading-162969f0678b17edb\" class=\"uvc-heading ult-adjust-bottom-margin ultimate-heading-162969f0678b17edb uvc-4139  uvc-heading-default-font-sizes\" data-hspacer=\"no_spacer\"  data-halign=\"left\" style=\"text-align:left\"><div class=\"uvc-heading-spacer no_spacer\" style=\"top\"><\/div><div class=\"uvc-main-heading ult-responsive\"  data-ultimate-target='.uvc-heading.ultimate-heading-162969f0678b17edb h2'  data-responsive-json-new='{\"font-size\":\"\",\"line-height\":\"\"}' ><h2 style=\"--font-weight:theme;\">R\u00e5d, ans\u00f6kningar och \u00f6verklaganden<\/h2><\/div><\/div>\n\t<div class=\"wpb_text_column wpb_content_element \" >\n\t\t<div class=\"wpb_wrapper\">\n\t\t\t<p>N\u00e4r du kontaktar oss f\u00f6r att hj\u00e4lpa dig med ditt \u00e4rende v\u00e4ljer du en jurist som kommer att vara d\u00e4r f\u00f6r att v\u00e4gleda dig och representera dig under hela processen att immigrera till Sverige.<\/p>\n<p>Vi hj\u00e4lper dig att g\u00f6ra din ans\u00f6kan, vi kommer att vara vid din sida och arbeta f\u00f6r att g\u00f6ra allt s\u00e5 enkelt och begripligt som m\u00f6jligt. Om din f\u00f6rsta ans\u00f6kan misslyckas kan vi ocks\u00e5 v\u00e4gleda dig genom \u00f6verklagandeprocessen.<\/p>\n\n\t\t<\/div>\n\t<\/div>\n<div id=\"ultimate-heading-332969f0678b184e5\" class=\"uvc-heading ult-adjust-bottom-margin ultimate-heading-332969f0678b184e5 uvc-6866  uvc-heading-default-font-sizes\" data-hspacer=\"no_spacer\"  data-halign=\"left\" style=\"text-align:left\"><div class=\"uvc-heading-spacer no_spacer\" style=\"top\"><\/div><div class=\"uvc-main-heading ult-responsive\"  data-ultimate-target='.uvc-heading.ultimate-heading-332969f0678b184e5 h2'  data-responsive-json-new='{\"font-size\":\"\",\"line-height\":\"\"}' ><h2 style=\"--font-weight:theme;\">Vad vi kan hj\u00e4lpa dig med<\/h2><\/div><\/div>\n\t<div class=\"wpb_text_column wpb_content_element \" >\n\t\t<div class=\"wpb_wrapper\">\n\t\t\t<p>Alla aspekter av migrationsr\u00e4tt omfattas.<\/p>\n\n\t\t<\/div>\n\t<\/div>\n<div class=\"vc_row wpb_row vc_inner vc_row-fluid\"><div class=\"wpb_column vc_column_container vc_col-sm-6\"><div class=\"vc_column-inner\"><div class=\"wpb_wrapper\">\n\t<div class=\"wpb_text_column wpb_content_element \" >\n\t\t<div class=\"wpb_wrapper\">\n\t\t\t<ul>\n<li>Permanent uppeh\u00e5llstillst\u00e5nd<\/li>\n<li>Uppeh\u00e5llstillst\u00e5nd f\u00f6r arbete, studier och bes\u00f6k<\/li>\n<li>\u00c5terinvandring<\/li>\n<li>Anknytning<\/li>\n<li>Asyl<\/li>\n<li>Ans\u00f6kan om medborgarskap<\/li>\n<\/ul>\n\n\t\t<\/div>\n\t<\/div>\n<\/div><\/div><\/div><div class=\"wpb_column vc_column_container vc_col-sm-6\"><div class=\"vc_column-inner\"><div class=\"wpb_wrapper\"><\/div><\/div><\/div><\/div><\/div><\/div><\/div><div class=\"wpb_column vc_column_container vc_col-sm-4\"><div class=\"vc_column-inner\"><div class=\"wpb_wrapper\"><div class=\"vc_row wpb_row vc_inner vc_row-fluid vc_custom_1648223069532 vc_row-has-fill\"><div class=\"wpb_column vc_column_container vc_col-sm-12\"><div class=\"vc_column-inner\"><div class=\"wpb_wrapper\"><div id=\"ultimate-heading-408369f0678b1a2a2\" class=\"uvc-heading ult-adjust-bottom-margin ultimate-heading-408369f0678b1a2a2 uvc-3030  uvc-heading-default-font-sizes\" data-hspacer=\"no_spacer\"  data-halign=\"left\" style=\"text-align:left\"><div class=\"uvc-heading-spacer no_spacer\" style=\"top\"><\/div><div class=\"uvc-main-heading ult-responsive\"  data-ultimate-target='.uvc-heading.ultimate-heading-408369f0678b1a2a2 h3'  data-responsive-json-new='{\"font-size\":\"\",\"line-height\":\"\"}' ><h3 style=\"--font-weight:theme;\">Beg\u00e4r konsultation<\/h3><\/div><\/div>\n\t<div class=\"wpb_text_column wpb_content_element \" >\n\t\t<div class=\"wpb_wrapper\">\n\t\t\t<p>Vi kontaktar dig ang\u00e5ende ditt \u00e4rende s\u00e5 fort vi kan.<\/p>\n\n\t\t<\/div>\n\t<\/div>\n\n\t<div class=\"wpb_text_column wpb_content_element \" >\n\t\t<div class=\"wpb_wrapper\">\n\t\t\t<div class=\"wpforms-container wpforms-container-full\" id=\"wpforms-376\"><form id=\"wpforms-form-376\" class=\"wpforms-validate wpforms-form wpforms-ajax-form\" data-formid=\"376\" method=\"post\" enctype=\"multipart\/form-data\" action=\"\/en\/wp-json\/wp\/v2\/pages\/432\" data-token=\"5117a04a27ea5286c81c8cea96424135\" data-token-time=\"1777362827\"><noscript class=\"wpforms-error-noscript\">Please enable JavaScript in your browser to complete this form.<\/noscript><div class=\"wpforms-field-container\"><div id=\"wpforms-376-field_2-container\" class=\"wpforms-field wpforms-field-name\" data-field-id=\"2\"><label class=\"wpforms-field-label wpforms-label-hide\" for=\"wpforms-376-field_2\">Namn <span class=\"wpforms-required-label\">*<\/span><\/label><input type=\"text\" id=\"wpforms-376-field_2\" class=\"wpforms-field-large wpforms-field-required\" name=\"wpforms[fields][2]\" placeholder=\"Ditt namn*\" required><\/div><div id=\"wpforms-376-field_1-container\" class=\"wpforms-field wpforms-field-email\" data-field-id=\"1\"><label class=\"wpforms-field-label wpforms-label-hide\" for=\"wpforms-376-field_1\">E-post <span class=\"wpforms-required-label\">*<\/span><\/label><input type=\"email\" id=\"wpforms-376-field_1\" class=\"wpforms-field-large wpforms-field-required\" name=\"wpforms[fields][1]\" placeholder=\"E-post*\" spellcheck=\"false\" required><\/div><div id=\"wpforms-376-field_4-container\" class=\"wpforms-field wpforms-field-text\" data-field-id=\"4\"><label class=\"wpforms-field-label wpforms-label-hide\" for=\"wpforms-376-field_4\">Telefon<\/label><input type=\"text\" id=\"wpforms-376-field_4\" class=\"wpforms-field-large\" name=\"wpforms[fields][4]\" placeholder=\"Telefon\" ><\/div><div id=\"wpforms-376-field_5-container\" class=\"wpforms-field wpforms-field-textarea\" data-field-id=\"5\"><label class=\"wpforms-field-label wpforms-label-hide\" for=\"wpforms-376-field_5\">Meddelande <span class=\"wpforms-required-label\">*<\/span><\/label><textarea id=\"wpforms-376-field_5\" class=\"wpforms-field-large wpforms-field-required\" name=\"wpforms[fields][5]\" placeholder=\"Ditt meddelande*\" required><\/textarea><\/div><div id=\"wpforms-376-field_6-container\" class=\"wpforms-field wpforms-field-checkbox\" data-field-id=\"6\"><label class=\"wpforms-field-label wpforms-label-hide\">GDPR<\/label><ul id=\"wpforms-376-field_6\"><li class=\"choice-1 depth-1\"><input type=\"checkbox\" id=\"wpforms-376-field_6_1\" name=\"wpforms[fields][6][]\" value=\"Jag till\u00e5ter att mina personuppgifter behandlas. &lt;a href=&quot;https:\/\/nordickonsultbyra.se\/integritetspolicy&quot;&gt;Integritetspolicy&lt;\/a&gt;\"  ><label class=\"wpforms-field-label-inline\" for=\"wpforms-376-field_6_1\">Jag till\u00e5ter att mina personuppgifter behandlas. <a href=\"https:\/\/nordickonsultbyra.se\/integritetspolicy\">Integritetspolicy<\/a><\/label><\/li><\/ul><\/div><\/div><!-- .wpforms-field-container --><div class=\"wpforms-submit-container\" ><input type=\"hidden\" name=\"wpforms[id]\" value=\"376\"><input type=\"hidden\" name=\"page_title\" value=\"\"><input type=\"hidden\" name=\"page_url\" value=\"https:\/\/nordickonsultbyra.se\/en\/wp-json\/wp\/v2\/pages\/432\"><input type=\"hidden\" name=\"url_referer\" value=\"\"><button type=\"submit\" name=\"wpforms[submit]\" id=\"wpforms-submit-376\" class=\"wpforms-submit\" data-alt-text=\"Skickar \u2026\" data-submit-text=\"Skicka\" aria-live=\"assertive\" value=\"wpforms-submit\">Skicka<\/button><img loading=\"lazy\" decoding=\"async\" src=\"https:\/\/nordickonsultbyra.se\/wp-content\/plugins\/wpforms-lite\/assets\/images\/submit-spin.svg\" class=\"wpforms-submit-spinner\" style=\"display: none;\" width=\"26\" height=\"26\" alt=\"Loading\"><\/div><\/form><\/div>  <!-- .wpforms-container -->\n\n\t\t<\/div>\n\t<\/div>\n<\/div><\/div><\/div><\/div><div class=\"vc_empty_space\"   style=\"height: 60px\"><span class=\"vc_empty_space_inner\"><\/span><\/div><div class=\"vc_row wpb_row vc_inner vc_row-fluid vc_custom_1648223167822 vc_row-has-fill\"><div class=\"wpb_column vc_column_container vc_col-sm-12\"><div class=\"vc_column-inner\"><div class=\"wpb_wrapper\"><div  class=\"wpb_widgetised_column wpb_content_element sidebar-content solid-bg\">\n\t\t<div class=\"wpb_wrapper\">\n\t\t\t\n\t\t\t<section id=\"presscore-custom-menu-one-2\" class=\"widget widget_presscore-custom-menu-one\"><div class=\"widget-title\">JURIDISKA TJ\u00c4NSTER<\/div><ul class=\"custom-menu dividers-on enable-bold show-arrow\"><li class=\"menu-item menu-item-type-post_type menu-item-object-page menu-item-418 first\"><a href=\"https:\/\/nordickonsultbyra.se\/en\/familjeratt\/\"> Familjer\u00e4tt<\/a><\/li><li class=\"menu-item menu-item-type-post_type menu-item-object-page menu-item-431\"><a href=\"https:\/\/nordickonsultbyra.se\/en\/arvsratt\/\"> Arvsr\u00e4tt<\/a><\/li><li class=\"menu-item menu-item-type-post_type menu-item-object-page menu-item-445\"><a href=\"https:\/\/nordickonsultbyra.se\/en\/migrationsratt\/\"> Migrationsr\u00e4tt<\/a><\/li><li class=\"menu-item menu-item-type-post_type menu-item-object-page menu-item-452\"><a href=\"https:\/\/nordickonsultbyra.se\/en\/arbetsratt\/\"> Arbetsr\u00e4tt<\/a><\/li><li class=\"menu-item menu-item-type-post_type menu-item-object-page menu-item-461\"><a href=\"https:\/\/nordickonsultbyra.se\/en\/bostadsratt\/\"> Bostadsr\u00e4tt<\/a><\/li><li class=\"menu-item menu-item-type-post_type menu-item-object-page menu-item-466\"><a href=\"https:\/\/nordickonsultbyra.se\/en\/foretagsratt\/\"> F\u00f6retagsr\u00e4tt<\/a><\/li><li class=\"menu-item menu-item-type-post_type menu-item-object-page menu-item-473\"><a href=\"https:\/\/nordickonsultbyra.se\/en\/foretagsabonnemang\/\"> F\u00f6retagsabonnemang<\/a><\/li><\/ul><\/section>\n\t\t<\/div>\n\t<\/div>\n<\/div><\/div><\/div><\/div><\/div><\/div><\/div><\/div>\n<\/div>","protected":false},"excerpt":{"rendered":"<p>Om Migrationsr\u00e4ttJuridiska experter p\u00e5 din sida Immigrationslagen \u00e4r ett omr\u00e5de som kan vara mycket f\u00f6rvirrande f\u00f6r alla som inte har utbildats inom omr\u00e5det. Om du beh\u00f6ver r\u00e5d om invandringslag kan det vara skr\u00e4mmande att f\u00f6rst\u00e5 detaljerna i situationen. Vi \u00e4r experter p\u00e5 detta omr\u00e5de och \u00e4r h\u00e4r f\u00f6r att hj\u00e4lpa m\u00e4nniskor att hitta sig igenom&hellip;<\/p>","protected":false},"author":1,"featured_media":416,"parent":0,"menu_order":0,"comment_status":"closed","ping_status":"closed","template":"","meta":{"footnotes":""},"class_list":["post-432","page","type-page","status-publish","has-post-thumbnail","hentry","description-off"],"_links":{"self":[{"href":"https:\/\/nordickonsultbyra.se\/en\/wp-json\/wp\/v2\/pages\/432","targetHints":{"allow":["GET"]}}],"collection":[{"href":"https:\/\/nordickonsultbyra.se\/en\/wp-json\/wp\/v2\/pages"}],"about":[{"href":"https:\/\/nordickonsultbyra.se\/en\/wp-json\/wp\/v2\/types\/page"}],"author":[{"embeddable":true,"href":"https:\/\/nordickonsultbyra.se\/en\/wp-json\/wp\/v2\/users\/1"}],"replies":[{"embeddable":true,"href":"https:\/\/nordickonsultbyra.se\/en\/wp-json\/wp\/v2\/comments?post=432"}],"version-history":[{"count":8,"href":"https:\/\/nordickonsultbyra.se\/en\/wp-json\/wp\/v2\/pages\/432\/revisions"}],"predecessor-version":[{"id":441,"href":"https:\/\/nordickonsultbyra.se\/en\/wp-json\/wp\/v2\/pages\/432\/revisions\/441"}],"wp:featuredmedia":[{"embeddable":true,"href":"https:\/\/nordickonsultbyra.se\/en\/wp-json\/wp\/v2\/media\/416"}],"wp:attachment":[{"href":"https:\/\/nordickonsultbyra.se\/en\/wp-json\/wp\/v2\/media?parent=432"}],"curies":[{"name":"wp","href":"https:\/\/api.w.org\/{rel}","templated":true}]}}