{"id":361,"date":"2022-03-25T16:49:38","date_gmt":"2022-03-25T15:49:38","guid":{"rendered":"https:\/\/nordickonsultbyra.se\/?page_id=361"},"modified":"2022-03-25T17:39:33","modified_gmt":"2022-03-25T16:39:33","slug":"familjeratt","status":"publish","type":"page","link":"https:\/\/nordickonsultbyra.se\/en\/familjeratt\/","title":{"rendered":"Family law"},"content":{"rendered":"<div class=\"wpb-content-wrapper\"><div class=\"vc_row wpb_row vc_row-fluid vc_column-gap-20\"><div class=\"wpb_column vc_column_container vc_col-sm-8\"><div class=\"vc_column-inner\"><div class=\"wpb_wrapper\">\n\t<div  class=\"wpb_single_image wpb_content_element vc_align_left\">\n\t\t\n\t\t<figure class=\"wpb_wrapper vc_figure\">\n\t\t\t<div class=\"vc_single_image-wrapper   vc_box_border_grey\"><img loading=\"lazy\" decoding=\"async\" width=\"1920\" height=\"1280\" src=\"https:\/\/nordickonsultbyra.se\/wp-content\/uploads\/2022\/03\/familjeratt.jpg\" class=\"vc_single_image-img attachment-full\" alt=\"Familjer\u00e4tt\" title=\"\" srcset=\"https:\/\/nordickonsultbyra.se\/wp-content\/uploads\/2022\/03\/familjeratt.jpg 1920w, https:\/\/nordickonsultbyra.se\/wp-content\/uploads\/2022\/03\/familjeratt-300x200.jpg 300w, https:\/\/nordickonsultbyra.se\/wp-content\/uploads\/2022\/03\/familjeratt-1024x683.jpg 1024w, https:\/\/nordickonsultbyra.se\/wp-content\/uploads\/2022\/03\/familjeratt-768x512.jpg 768w, https:\/\/nordickonsultbyra.se\/wp-content\/uploads\/2022\/03\/familjeratt-1536x1024.jpg 1536w\" sizes=\"auto, (max-width: 1920px) 100vw, 1920px\"  data-dt-location=\"https:\/\/nordickonsultbyra.se\/en\/familjeratt\/familjeratt\/\" \/><\/div>\n\t\t<\/figure>\n\t<\/div>\n<div id=\"ultimate-heading-397469f06764c70c6\" class=\"uvc-heading ult-adjust-bottom-margin ultimate-heading-397469f06764c70c6 uvc-1300  uvc-heading-default-font-sizes\" data-hspacer=\"no_spacer\"  data-halign=\"left\" style=\"text-align:left\"><div class=\"uvc-heading-spacer no_spacer\" style=\"top\"><\/div><div class=\"uvc-main-heading ult-responsive\"  data-ultimate-target='.uvc-heading.ultimate-heading-397469f06764c70c6 h2'  data-responsive-json-new='{\"font-size\":\"\",\"line-height\":\"\"}' ><h2 style=\"--font-weight:theme;\">Om familjer\u00e4tt<\/h2><\/div><\/div>\n\t<div class=\"wpb_text_column wpb_content_element \" >\n\t\t<div class=\"wpb_wrapper\">\n\t\t\t<p>Familjer\u00e4tt \u00e4r ett omr\u00e5de som kr\u00e4ver mycket noggrann och medk\u00e4nnande hantering, p\u00e5 grund av de djupt personliga och den ofta sm\u00e4rtsamma karakt\u00e4ren hos de fr\u00e5gor som diskuteras.<\/p>\n<p>Vid denna sv\u00e5ra tid m\u00e5ste du veta att du har en handledare som du kan lita p\u00e5 f\u00f6r att hantera \u00e4rendet p\u00e5 ett k\u00e4nslom\u00e4ssigt bra s\u00e4tt och med st\u00f6rsta professionalism, och det \u00e4r d\u00e4r vi kommer in. Vi har en stor erfarenhet av s\u00e5dana fr\u00e5gor och \u00e4r h\u00e4r f\u00f6r att erbjuda de expertr\u00e5d som du beh\u00f6ver just nu.<\/p>\n\n\t\t<\/div>\n\t<\/div>\n<div id=\"ultimate-heading-508269f06764c7773\" class=\"uvc-heading ult-adjust-bottom-margin ultimate-heading-508269f06764c7773 uvc-9526  uvc-heading-default-font-sizes\" data-hspacer=\"no_spacer\"  data-halign=\"left\" style=\"text-align:left\"><div class=\"uvc-heading-spacer no_spacer\" style=\"top\"><\/div><div class=\"uvc-main-heading ult-responsive\"  data-ultimate-target='.uvc-heading.ultimate-heading-508269f06764c7773 h2'  data-responsive-json-new='{\"font-size\":\"\",\"line-height\":\"\"}' ><h2 style=\"--font-weight:theme;\">Medling, skilsm\u00e4ssa och v\u00e5rdnad<\/h2><\/div><\/div>\n\t<div class=\"wpb_text_column wpb_content_element \" >\n\t\t<div class=\"wpb_wrapper\">\n\t\t\t<p>V\u00e5r expertis inkluderar \u00e4ktenskapslag och \u00e4ktenskapsskillnad och allt som ing\u00e5r i detta omr\u00e5de.<\/p>\n<p>Om ditt \u00e4ktenskap upph\u00f6r kan vi v\u00e4gleda dig genom skilsm\u00e4ssan och g\u00f6ra saker s\u00e5 smidiga som m\u00f6jligt f\u00f6r att undvika on\u00f6dig n\u00f6d. Vi kan ocks\u00e5 hj\u00e4lpa dig att s\u00e4kerst\u00e4lla ett v\u00e5rdnadsarrangemang med dina barns v\u00e4lbefinnande och se till att allt m\u00f6jligt g\u00f6rs f\u00f6r att s\u00e4kerst\u00e4lla deras emotionella och fysiska v\u00e4lbefinnande.<\/p>\n\n\t\t<\/div>\n\t<\/div>\n<div id=\"ultimate-heading-110769f06764c7ad9\" class=\"uvc-heading ult-adjust-bottom-margin ultimate-heading-110769f06764c7ad9 uvc-8038  uvc-heading-default-font-sizes\" data-hspacer=\"no_spacer\"  data-halign=\"left\" style=\"text-align:left\"><div class=\"uvc-heading-spacer no_spacer\" style=\"top\"><\/div><div class=\"uvc-main-heading ult-responsive\"  data-ultimate-target='.uvc-heading.ultimate-heading-110769f06764c7ad9 h2'  data-responsive-json-new='{\"font-size\":\"\",\"line-height\":\"\"}' ><h2 style=\"--font-weight:theme;\">Vad vi kan hj\u00e4lpa dig med<\/h2><\/div><\/div>\n\t<div class=\"wpb_text_column wpb_content_element \" >\n\t\t<div class=\"wpb_wrapper\">\n\t\t\t<p>Alla aspekter av familjer\u00e4tten omfattas.<\/p>\n\n\t\t<\/div>\n\t<\/div>\n<div class=\"vc_row wpb_row vc_inner vc_row-fluid\"><div class=\"wpb_column vc_column_container vc_col-sm-6\"><div class=\"vc_column-inner\"><div class=\"wpb_wrapper\">\n\t<div class=\"wpb_text_column wpb_content_element \" >\n\t\t<div class=\"wpb_wrapper\">\n\t\t\t<ul>\n<li>V\u00e5rdnadstvister<\/li>\n<li>Underh\u00e5llstvister<\/li>\n<li>Umg\u00e4ngestvister<\/li>\n<li>Boendet<\/li>\n<li>Bodelning<\/li>\n<\/ul>\n\n\t\t<\/div>\n\t<\/div>\n<\/div><\/div><\/div><div class=\"wpb_column vc_column_container vc_col-sm-6\"><div class=\"vc_column-inner\"><div class=\"wpb_wrapper\">\n\t<div class=\"wpb_text_column wpb_content_element \" >\n\t\t<div class=\"wpb_wrapper\">\n\t\t\t<ul>\n<li>Ans\u00f6kan om ensam v\u00e5rdnad<\/li>\n<li>Samboavtal<\/li>\n<li>Skilsm\u00e4ssa<\/li>\n<li>\u00c4ktenskapsf\u00f6rord<\/li>\n<\/ul>\n\n\t\t<\/div>\n\t<\/div>\n<\/div><\/div><\/div><\/div><\/div><\/div><\/div><div class=\"wpb_column vc_column_container vc_col-sm-4\"><div class=\"vc_column-inner\"><div class=\"wpb_wrapper\"><div class=\"vc_row wpb_row vc_inner vc_row-fluid vc_custom_1648223069532 vc_row-has-fill\"><div class=\"wpb_column vc_column_container vc_col-sm-12\"><div class=\"vc_column-inner\"><div class=\"wpb_wrapper\"><div id=\"ultimate-heading-135869f06764cbbe5\" class=\"uvc-heading ult-adjust-bottom-margin ultimate-heading-135869f06764cbbe5 uvc-10  uvc-heading-default-font-sizes\" data-hspacer=\"no_spacer\"  data-halign=\"left\" style=\"text-align:left\"><div class=\"uvc-heading-spacer no_spacer\" style=\"top\"><\/div><div class=\"uvc-main-heading ult-responsive\"  data-ultimate-target='.uvc-heading.ultimate-heading-135869f06764cbbe5 h3'  data-responsive-json-new='{\"font-size\":\"\",\"line-height\":\"\"}' ><h3 style=\"--font-weight:theme;\">Beg\u00e4r konsultation<\/h3><\/div><\/div>\n\t<div class=\"wpb_text_column wpb_content_element \" >\n\t\t<div class=\"wpb_wrapper\">\n\t\t\t<p>Vi kontaktar dig ang\u00e5ende ditt \u00e4rende s\u00e5 fort vi kan.<\/p>\n\n\t\t<\/div>\n\t<\/div>\n\n\t<div class=\"wpb_text_column wpb_content_element \" >\n\t\t<div class=\"wpb_wrapper\">\n\t\t\t<div class=\"wpforms-container wpforms-container-full\" id=\"wpforms-376\"><form id=\"wpforms-form-376\" class=\"wpforms-validate wpforms-form wpforms-ajax-form\" data-formid=\"376\" method=\"post\" enctype=\"multipart\/form-data\" action=\"\/en\/wp-json\/wp\/v2\/pages\/361\" data-token=\"5117a04a27ea5286c81c8cea96424135\" data-token-time=\"1777362788\"><noscript class=\"wpforms-error-noscript\">Please enable JavaScript in your browser to complete this form.<\/noscript><div class=\"wpforms-field-container\"><div id=\"wpforms-376-field_2-container\" class=\"wpforms-field wpforms-field-name\" data-field-id=\"2\"><label class=\"wpforms-field-label wpforms-label-hide\" for=\"wpforms-376-field_2\">Namn <span class=\"wpforms-required-label\">*<\/span><\/label><input type=\"text\" id=\"wpforms-376-field_2\" class=\"wpforms-field-large wpforms-field-required\" name=\"wpforms[fields][2]\" placeholder=\"Ditt namn*\" required><\/div><div id=\"wpforms-376-field_1-container\" class=\"wpforms-field wpforms-field-email\" data-field-id=\"1\"><label class=\"wpforms-field-label wpforms-label-hide\" for=\"wpforms-376-field_1\">E-post <span class=\"wpforms-required-label\">*<\/span><\/label><input type=\"email\" id=\"wpforms-376-field_1\" class=\"wpforms-field-large wpforms-field-required\" name=\"wpforms[fields][1]\" placeholder=\"E-post*\" spellcheck=\"false\" required><\/div><div id=\"wpforms-376-field_4-container\" class=\"wpforms-field wpforms-field-text\" data-field-id=\"4\"><label class=\"wpforms-field-label wpforms-label-hide\" for=\"wpforms-376-field_4\">Telefon<\/label><input type=\"text\" id=\"wpforms-376-field_4\" class=\"wpforms-field-large\" name=\"wpforms[fields][4]\" placeholder=\"Telefon\" ><\/div><div id=\"wpforms-376-field_5-container\" class=\"wpforms-field wpforms-field-textarea\" data-field-id=\"5\"><label class=\"wpforms-field-label wpforms-label-hide\" for=\"wpforms-376-field_5\">Meddelande <span class=\"wpforms-required-label\">*<\/span><\/label><textarea id=\"wpforms-376-field_5\" class=\"wpforms-field-large wpforms-field-required\" name=\"wpforms[fields][5]\" placeholder=\"Ditt meddelande*\" required><\/textarea><\/div><div id=\"wpforms-376-field_6-container\" class=\"wpforms-field wpforms-field-checkbox\" data-field-id=\"6\"><label class=\"wpforms-field-label wpforms-label-hide\">GDPR<\/label><ul id=\"wpforms-376-field_6\"><li class=\"choice-1 depth-1\"><input type=\"checkbox\" id=\"wpforms-376-field_6_1\" name=\"wpforms[fields][6][]\" value=\"Jag till\u00e5ter att mina personuppgifter behandlas. &lt;a href=&quot;https:\/\/nordickonsultbyra.se\/integritetspolicy&quot;&gt;Integritetspolicy&lt;\/a&gt;\"  ><label class=\"wpforms-field-label-inline\" for=\"wpforms-376-field_6_1\">Jag till\u00e5ter att mina personuppgifter behandlas. <a href=\"https:\/\/nordickonsultbyra.se\/integritetspolicy\">Integritetspolicy<\/a><\/label><\/li><\/ul><\/div><\/div><!-- .wpforms-field-container --><div class=\"wpforms-submit-container\" ><input type=\"hidden\" name=\"wpforms[id]\" value=\"376\"><input type=\"hidden\" name=\"page_title\" value=\"\"><input type=\"hidden\" name=\"page_url\" value=\"https:\/\/nordickonsultbyra.se\/en\/wp-json\/wp\/v2\/pages\/361\"><input type=\"hidden\" name=\"url_referer\" value=\"\"><button type=\"submit\" name=\"wpforms[submit]\" id=\"wpforms-submit-376\" class=\"wpforms-submit\" data-alt-text=\"Skickar \u2026\" data-submit-text=\"Skicka\" aria-live=\"assertive\" value=\"wpforms-submit\">Skicka<\/button><img loading=\"lazy\" decoding=\"async\" src=\"https:\/\/nordickonsultbyra.se\/wp-content\/plugins\/wpforms-lite\/assets\/images\/submit-spin.svg\" class=\"wpforms-submit-spinner\" style=\"display: none;\" width=\"26\" height=\"26\" alt=\"Loading\"><\/div><\/form><\/div>  <!-- .wpforms-container -->\n\n\t\t<\/div>\n\t<\/div>\n<\/div><\/div><\/div><\/div><div class=\"vc_empty_space\"   style=\"height: 60px\"><span class=\"vc_empty_space_inner\"><\/span><\/div><div class=\"vc_row wpb_row vc_inner vc_row-fluid vc_custom_1648223167822 vc_row-has-fill\"><div class=\"wpb_column vc_column_container vc_col-sm-12\"><div class=\"vc_column-inner\"><div class=\"wpb_wrapper\"><div  class=\"wpb_widgetised_column wpb_content_element sidebar-content solid-bg\">\n\t\t<div class=\"wpb_wrapper\">\n\t\t\t\n\t\t\t<section id=\"presscore-custom-menu-one-2\" class=\"widget widget_presscore-custom-menu-one\"><div class=\"widget-title\">JURIDISKA TJ\u00c4NSTER<\/div><ul class=\"custom-menu dividers-on enable-bold show-arrow\"><li class=\"menu-item menu-item-type-post_type menu-item-object-page menu-item-418 first\"><a href=\"https:\/\/nordickonsultbyra.se\/en\/familjeratt\/\"> Familjer\u00e4tt<\/a><\/li><li class=\"menu-item menu-item-type-post_type menu-item-object-page menu-item-431\"><a href=\"https:\/\/nordickonsultbyra.se\/en\/arvsratt\/\"> Arvsr\u00e4tt<\/a><\/li><li class=\"menu-item menu-item-type-post_type menu-item-object-page menu-item-445\"><a href=\"https:\/\/nordickonsultbyra.se\/en\/migrationsratt\/\"> Migrationsr\u00e4tt<\/a><\/li><li class=\"menu-item menu-item-type-post_type menu-item-object-page menu-item-452\"><a href=\"https:\/\/nordickonsultbyra.se\/en\/arbetsratt\/\"> Arbetsr\u00e4tt<\/a><\/li><li class=\"menu-item menu-item-type-post_type menu-item-object-page menu-item-461\"><a href=\"https:\/\/nordickonsultbyra.se\/en\/bostadsratt\/\"> Bostadsr\u00e4tt<\/a><\/li><li class=\"menu-item menu-item-type-post_type menu-item-object-page menu-item-466\"><a href=\"https:\/\/nordickonsultbyra.se\/en\/foretagsratt\/\"> F\u00f6retagsr\u00e4tt<\/a><\/li><li class=\"menu-item menu-item-type-post_type menu-item-object-page menu-item-473\"><a href=\"https:\/\/nordickonsultbyra.se\/en\/foretagsabonnemang\/\"> F\u00f6retagsabonnemang<\/a><\/li><\/ul><\/section>\n\t\t<\/div>\n\t<\/div>\n<\/div><\/div><\/div><\/div><\/div><\/div><\/div><\/div>\n<\/div>","protected":false},"excerpt":{"rendered":"<p>Om familjer\u00e4tt Familjer\u00e4tt \u00e4r ett omr\u00e5de som kr\u00e4ver mycket noggrann och medk\u00e4nnande hantering, p\u00e5 grund av de djupt personliga och den ofta sm\u00e4rtsamma karakt\u00e4ren hos de fr\u00e5gor som diskuteras. Vid denna sv\u00e5ra tid m\u00e5ste du veta att du har en handledare som du kan lita p\u00e5 f\u00f6r att hantera \u00e4rendet p\u00e5 ett k\u00e4nslom\u00e4ssigt bra s\u00e4tt&hellip;<\/p>","protected":false},"author":1,"featured_media":416,"parent":0,"menu_order":0,"comment_status":"closed","ping_status":"closed","template":"","meta":{"footnotes":""},"class_list":["post-361","page","type-page","status-publish","has-post-thumbnail","hentry","description-off"],"_links":{"self":[{"href":"https:\/\/nordickonsultbyra.se\/en\/wp-json\/wp\/v2\/pages\/361","targetHints":{"allow":["GET"]}}],"collection":[{"href":"https:\/\/nordickonsultbyra.se\/en\/wp-json\/wp\/v2\/pages"}],"about":[{"href":"https:\/\/nordickonsultbyra.se\/en\/wp-json\/wp\/v2\/types\/page"}],"author":[{"embeddable":true,"href":"https:\/\/nordickonsultbyra.se\/en\/wp-json\/wp\/v2\/users\/1"}],"replies":[{"embeddable":true,"href":"https:\/\/nordickonsultbyra.se\/en\/wp-json\/wp\/v2\/comments?post=361"}],"version-history":[{"count":44,"href":"https:\/\/nordickonsultbyra.se\/en\/wp-json\/wp\/v2\/pages\/361\/revisions"}],"predecessor-version":[{"id":444,"href":"https:\/\/nordickonsultbyra.se\/en\/wp-json\/wp\/v2\/pages\/361\/revisions\/444"}],"wp:featuredmedia":[{"embeddable":true,"href":"https:\/\/nordickonsultbyra.se\/en\/wp-json\/wp\/v2\/media\/416"}],"wp:attachment":[{"href":"https:\/\/nordickonsultbyra.se\/en\/wp-json\/wp\/v2\/media?parent=361"}],"curies":[{"name":"wp","href":"https:\/\/api.w.org\/{rel}","templated":true}]}}